{"id":628,"date":"2022-04-20T05:03:34","date_gmt":"2022-04-20T05:03:34","guid":{"rendered":"https:\/\/avas.live\/handyman\/?page_id=12"},"modified":"2025-08-15T15:04:48","modified_gmt":"2025-08-15T15:04:48","slug":"nosotros","status":"publish","type":"page","link":"https:\/\/mycellsmart.com\/index.php\/nosotros\/","title":{"rendered":"nosotros"},"content":{"rendered":"\t\t<div data-elementor-type=\"wp-page\" data-elementor-id=\"628\" class=\"elementor elementor-628\" data-elementor-post-type=\"page\">\n\t\t\t\t\t\t<section class=\"elementor-section elementor-top-section elementor-element elementor-element-98f8560 elementor-section-boxed elementor-section-height-default elementor-section-height-default\" data-id=\"98f8560\" data-element_type=\"section\">\n\t\t\t\t\t\t<div class=\"elementor-container elementor-column-gap-default\">\n\t\t\t\t\t<div class=\"elementor-column elementor-col-33 elementor-top-column elementor-element elementor-element-67d6ac4 elementor-invisible\" data-id=\"67d6ac4\" data-element_type=\"column\" data-settings=\"{&quot;animation&quot;:&quot;fadeInLeft&quot;,&quot;animation_delay&quot;:&quot;100&quot;}\">\n\t\t\t<div class=\"elementor-widget-wrap elementor-element-populated\">\n\t\t\t\t\t\t<div class=\"elementor-element elementor-element-c2971e7 elementor-widget elementor-widget-image\" data-id=\"c2971e7\" data-element_type=\"widget\" data-widget_type=\"image.default\">\n\t\t\t\t<div class=\"elementor-widget-container\">\n\t\t\t\t\t\t\t\t\t\t\t\t\t\t\t<img fetchpriority=\"high\" decoding=\"async\" width=\"700\" height=\"933\" src=\"https:\/\/mycellsmart.com\/wp-content\/uploads\/2025\/08\/mycellsmart-1.jpg\" class=\"attachment-full size-full wp-image-1048\" alt=\"\" srcset=\"https:\/\/mycellsmart.com\/wp-content\/uploads\/2025\/08\/mycellsmart-1.jpg 700w, https:\/\/mycellsmart.com\/wp-content\/uploads\/2025\/08\/mycellsmart-1-225x300.jpg 225w, https:\/\/mycellsmart.com\/wp-content\/uploads\/2025\/08\/mycellsmart-1-60x80.jpg 60w, https:\/\/mycellsmart.com\/wp-content\/uploads\/2025\/08\/mycellsmart-1-360x480.jpg 360w, https:\/\/mycellsmart.com\/wp-content\/uploads\/2025\/08\/mycellsmart-1-373x497.jpg 373w, https:\/\/mycellsmart.com\/wp-content\/uploads\/2025\/08\/mycellsmart-1-620x826.jpg 620w, https:\/\/mycellsmart.com\/wp-content\/uploads\/2025\/08\/mycellsmart-1-460x613.jpg 460w, https:\/\/mycellsmart.com\/wp-content\/uploads\/2025\/08\/mycellsmart-1-365x486.jpg 365w, https:\/\/mycellsmart.com\/wp-content\/uploads\/2025\/08\/mycellsmart-1-300x400.jpg 300w\" sizes=\"(max-width: 700px) 100vw, 700px\" \/>\t\t\t\t\t\t\t\t\t\t\t\t\t\t\t<\/div>\n\t\t\t\t<\/div>\n\t\t\t\t\t<\/div>\n\t\t<\/div>\n\t\t\t\t<div class=\"elementor-column elementor-col-33 elementor-top-column elementor-element elementor-element-7295ada\" data-id=\"7295ada\" data-element_type=\"column\">\n\t\t\t<div class=\"elementor-widget-wrap\">\n\t\t\t\t\t\t\t<\/div>\n\t\t<\/div>\n\t\t\t\t<div class=\"elementor-column elementor-col-33 elementor-top-column elementor-element elementor-element-f34afa8 elementor-invisible\" data-id=\"f34afa8\" data-element_type=\"column\" data-settings=\"{&quot;animation&quot;:&quot;fadeInRight&quot;,&quot;animation_delay&quot;:&quot;200&quot;}\">\n\t\t\t<div class=\"elementor-widget-wrap elementor-element-populated\">\n\t\t\t\t\t\t<div class=\"elementor-element elementor-element-bd08aa7 tx-hd-align-left elementor-widget elementor-widget-avas-heading\" data-id=\"bd08aa7\" data-element_type=\"widget\" data-widget_type=\"avas-heading.default\">\n\t\t\t\t<div class=\"elementor-widget-container\">\n\t\t\t\t\t        <div class=\"tx-hd-wrap\">\n\n            <div class=\"tx-hd-wm\"><\/div>\n\n            \n            <div class=\"tx-hd-sub\"><\/div>\n                        <h2 class=\"tx-hd-title\">\n                <span class=\"tx-hd-first-part\">\u00a1Somos<\/span>\n                <span class=\"tx-hd-last-part\">mas que una tienda!<\/span>\n            <\/h2>    \n            \n            <div class=\"tx-hd-desc\"><p data-start=\"76\" data-end=\"458\">En <strong data-start=\"79\" data-end=\"96\">My Cell Smart<\/strong> somos una tienda multiservicios ubicada en Santa Ana, California, dedicada a ofrecer soluciones r\u00e1pidas y pr\u00e1cticas para la comunidad. Nuestro objetivo es que encuentres todo lo que necesitas en un solo lugar, desde planes de telefon\u00eda, venta y reparaci\u00f3n de celulares, hasta instalaci\u00f3n de internet, pago de facturas, recargas, env\u00edos de dinero y paqueter\u00eda.<\/p><p data-start=\"460\" data-end=\"709\">Nos distingue la <strong data-start=\"477\" data-end=\"536\">atenci\u00f3n amable, precios justos y un servicio confiable<\/strong> que nos ha ganado la preferencia de nuestros clientes.<\/p><\/div>\n\n\n                   \n        <\/div><!-- tx-hd-wrap -->\n\n\n\n\n\n\n\n\n\t\t\t\t<\/div>\n\t\t\t\t<\/div>\n\t\t\t\t<div class=\"elementor-element elementor-element-5f80722 elementor-widget elementor-widget-avas-icon-box\" data-id=\"5f80722\" data-element_type=\"widget\" data-widget_type=\"avas-icon-box.default\">\n\t\t\t\t<div class=\"elementor-widget-container\">\n\t\t\t\t\t\t\n\t\t<div class=\"tx-icon-box-wrap style-2 left\">\n\n\t\t\t<div class=\"tx-icon-box-icon\">\n\t\t\t\t\t\t\t\t\t\t<img decoding=\"async\" src=\"https:\/\/avas.live\/handyman\/wp-content\/uploads\/sites\/63\/2022\/04\/our-mission.png\">\n\t\t\t\t\t\n\t\t\t\t\n\t\t\t<\/div><!-- tx-icon-box-icon -->\n\n\t\t\t<div class=\"tx-icon-box-content-wrap\">\n\n\t\t\t\t\t\t\t\t\t\t\t\t<h4 class=\"tx-icon-box-title\">\n\t\t\t\tNuestra misi\u00f3n\t\t\t\t<\/h4>\n\t\t\t\t\t\t\t\t\n\t\t\t\t<div class=\"tx-icon-box-desc\"><p>Brindar soluciones integrales en telefon\u00eda, internet, pagos y env\u00edos, con atenci\u00f3n r\u00e1pida, amable y confiable, para facilitar la vida de nuestra comunidad en Santa Ana.<\/p><\/div>\n\t\t\t\t\t\t\t<\/div><!-- tx-icon-box-content-wrap -->\n\n\t\t<\/div><!-- tx-icon-box-wrap -->\n\n\t\t\t\t<\/div>\n\t\t\t\t<\/div>\n\t\t\t\t<div class=\"elementor-element elementor-element-5f041d7 elementor-widget elementor-widget-avas-icon-box\" data-id=\"5f041d7\" data-element_type=\"widget\" data-widget_type=\"avas-icon-box.default\">\n\t\t\t\t<div class=\"elementor-widget-container\">\n\t\t\t\t\t\t\n\t\t<div class=\"tx-icon-box-wrap style-2 left\">\n\n\t\t\t<div class=\"tx-icon-box-icon\">\n\t\t\t\t\t\t\t\t\t\t<img decoding=\"async\" src=\"https:\/\/avas.live\/handyman\/wp-content\/uploads\/sites\/63\/2022\/04\/our-vision.png\">\n\t\t\t\t\t\n\t\t\t\t\n\t\t\t<\/div><!-- tx-icon-box-icon -->\n\n\t\t\t<div class=\"tx-icon-box-content-wrap\">\n\n\t\t\t\t\t\t\t\t\t\t\t\t<h4 class=\"tx-icon-box-title\">\n\t\t\t\tNuestra visi\u00f3n\t\t\t\t<\/h4>\n\t\t\t\t\t\t\t\t\n\t\t\t\t<div class=\"tx-icon-box-desc\"><p>Ser la tienda multiservicios l\u00edder para la comunidad latina en California, reconocida por su calidad, confianza y variedad de soluciones en un solo lugar.<\/p><\/div>\n\t\t\t\t\t\t\t<\/div><!-- tx-icon-box-content-wrap -->\n\n\t\t<\/div><!-- tx-icon-box-wrap -->\n\n\t\t\t\t<\/div>\n\t\t\t\t<\/div>\n\t\t\t\t\t<\/div>\n\t\t<\/div>\n\t\t\t\t\t<\/div>\n\t\t<\/section>\n\t\t\t\t<section class=\"elementor-section elementor-top-section elementor-element elementor-element-f038abb elementor-section-stretched elementor-section-boxed elementor-section-height-default elementor-section-height-default\" data-id=\"f038abb\" data-element_type=\"section\" data-settings=\"{&quot;stretch_section&quot;:&quot;section-stretched&quot;}\">\n\t\t\t\t\t\t<div class=\"elementor-container elementor-column-gap-no\">\n\t\t\t\t\t<div class=\"elementor-column elementor-col-50 elementor-top-column elementor-element elementor-element-fe31509 elementor-invisible\" data-id=\"fe31509\" data-element_type=\"column\" data-settings=\"{&quot;background_background&quot;:&quot;classic&quot;,&quot;animation&quot;:&quot;fadeInLeft&quot;,&quot;animation_delay&quot;:100}\">\n\t\t\t<div class=\"elementor-widget-wrap elementor-element-populated\">\n\t\t\t\t\t\t<div class=\"elementor-element elementor-element-15a07e6 tx-hd-align-left elementor-invisible elementor-widget elementor-widget-avas-heading\" data-id=\"15a07e6\" data-element_type=\"widget\" data-settings=\"{&quot;_animation&quot;:&quot;fadeIn&quot;,&quot;_animation_delay&quot;:100}\" data-widget_type=\"avas-heading.default\">\n\t\t\t\t<div class=\"elementor-widget-container\">\n\t\t\t\t\t        <div class=\"tx-hd-wrap\">\n\n            <div class=\"tx-hd-wm\"><\/div>\n\n            \n            <div class=\"tx-hd-sub\">Lo que ofrecemos<\/div>\n                        <h2 class=\"tx-hd-title\">\n                <span class=\"tx-hd-first-part\">Los beneficios con nosotros<\/span>\n                <span class=\"tx-hd-last-part\"><\/span>\n            <\/h2>    \n            \n            <div class=\"tx-hd-desc\"><p data-start=\"114\" data-end=\"394\">En <strong data-start=\"117\" data-end=\"134\">My Cell Smart<\/strong> encuentras todos tus servicios en un solo lugar, con atenci\u00f3n r\u00e1pida, precios justos y soluciones confiables. Ahorras tiempo, evitas complicaciones y disfrutas de productos y servicios de calidad, siempre con el respaldo de un equipo que se preocupa por ti.<\/p><\/div>\n\n\n                   \n        <\/div><!-- tx-hd-wrap -->\n\n\n\n\n\n\n\n\n\t\t\t\t<\/div>\n\t\t\t\t<\/div>\n\t\t\t\t<div class=\"elementor-element elementor-element-8a09834 elementor-invisible elementor-widget elementor-widget-avas-icon-box\" data-id=\"8a09834\" data-element_type=\"widget\" data-settings=\"{&quot;_animation&quot;:&quot;fadeIn&quot;,&quot;_animation_delay&quot;:200}\" data-widget_type=\"avas-icon-box.default\">\n\t\t\t\t<div class=\"elementor-widget-container\">\n\t\t\t\t\t\t\n\t\t<div class=\"tx-icon-box-wrap style-2 left\">\n\n\t\t\t<div class=\"tx-icon-box-icon\">\n\t\t\t\t\t\t\t\t\t\t<img decoding=\"async\" src=\"https:\/\/avas.live\/handyman\/wp-content\/uploads\/sites\/63\/2022\/05\/fast-service.png\">\n\t\t\t\t\t\n\t\t\t\t\n\t\t\t<\/div><!-- tx-icon-box-icon -->\n\n\t\t\t<div class=\"tx-icon-box-content-wrap\">\n\n\t\t\t\t\t\t\t\t\t\t\t\t<h4 class=\"tx-icon-box-title\">\n\t\t\t\tRapidez\t\t\t\t<\/h4>\n\t\t\t\t\t\t\t\t\n\t\t\t\t<div class=\"tx-icon-box-desc\"><p>Atendemos tus necesidades en minutos, con procesos simples y sin largas esperas.<\/p><\/div>\n\t\t\t\t\t\t\t<\/div><!-- tx-icon-box-content-wrap -->\n\n\t\t<\/div><!-- tx-icon-box-wrap -->\n\n\t\t\t\t<\/div>\n\t\t\t\t<\/div>\n\t\t\t\t<div class=\"elementor-element elementor-element-f83161c elementor-invisible elementor-widget elementor-widget-avas-icon-box\" data-id=\"f83161c\" data-element_type=\"widget\" data-settings=\"{&quot;_animation&quot;:&quot;fadeIn&quot;,&quot;_animation_delay&quot;:300}\" data-widget_type=\"avas-icon-box.default\">\n\t\t\t\t<div class=\"elementor-widget-container\">\n\t\t\t\t\t\t\n\t\t<div class=\"tx-icon-box-wrap style-2 left\">\n\n\t\t\t<div class=\"tx-icon-box-icon\">\n\t\t\t\t\t\t\t\t\t\t<img decoding=\"async\" src=\"https:\/\/avas.live\/handyman\/wp-content\/uploads\/sites\/63\/2022\/05\/affordable-price.png\">\n\t\t\t\t\t\n\t\t\t\t\n\t\t\t<\/div><!-- tx-icon-box-icon -->\n\n\t\t\t<div class=\"tx-icon-box-content-wrap\">\n\n\t\t\t\t\t\t\t\t\t\t\t\t<h4 class=\"tx-icon-box-title\">\n\t\t\t\tPrecios\t\t\t\t<\/h4>\n\t\t\t\t\t\t\t\t\n\t\t\t\t<div class=\"tx-icon-box-desc\"><p>Ofrecemos tarifas justas y competitivas, sin costos ocultos ni sorpresas.<\/p><\/div>\n\t\t\t\t\t\t\t<\/div><!-- tx-icon-box-content-wrap -->\n\n\t\t<\/div><!-- tx-icon-box-wrap -->\n\n\t\t\t\t<\/div>\n\t\t\t\t<\/div>\n\t\t\t\t<div class=\"elementor-element elementor-element-07fc733 elementor-invisible elementor-widget elementor-widget-avas-icon-box\" data-id=\"07fc733\" data-element_type=\"widget\" data-settings=\"{&quot;_animation&quot;:&quot;fadeIn&quot;,&quot;_animation_delay&quot;:400}\" data-widget_type=\"avas-icon-box.default\">\n\t\t\t\t<div class=\"elementor-widget-container\">\n\t\t\t\t\t\t\n\t\t<div class=\"tx-icon-box-wrap style-2 left\">\n\n\t\t\t<div class=\"tx-icon-box-icon\">\n\t\t\t\t\t\t\t\t\t\t<img decoding=\"async\" src=\"https:\/\/avas.live\/handyman\/wp-content\/uploads\/sites\/63\/2022\/04\/icon-Experience-Team.png\">\n\t\t\t\t\t\n\t\t\t\t\n\t\t\t<\/div><!-- tx-icon-box-icon -->\n\n\t\t\t<div class=\"tx-icon-box-content-wrap\">\n\n\t\t\t\t\t\t\t\t\t\t\t\t<h4 class=\"tx-icon-box-title\">\n\t\t\t\tSoluciones\t\t\t\t<\/h4>\n\t\t\t\t\t\t\t\t\n\t\t\t\t<div class=\"tx-icon-box-desc\"><p>Todo lo que necesitas en un solo lugar, con servicios confiables y efectivos.<\/p><\/div>\n\t\t\t\t\t\t\t<\/div><!-- tx-icon-box-content-wrap -->\n\n\t\t<\/div><!-- tx-icon-box-wrap -->\n\n\t\t\t\t<\/div>\n\t\t\t\t<\/div>\n\t\t\t\t\t<\/div>\n\t\t<\/div>\n\t\t\t\t<div class=\"elementor-column elementor-col-50 elementor-top-column elementor-element elementor-element-03c4e38 elementor-invisible\" data-id=\"03c4e38\" data-element_type=\"column\" data-settings=\"{&quot;animation&quot;:&quot;fadeInRight&quot;,&quot;animation_delay&quot;:200}\">\n\t\t\t<div class=\"elementor-widget-wrap elementor-element-populated\">\n\t\t\t\t\t\t<div class=\"elementor-element elementor-element-109c334 elementor-widget elementor-widget-image\" data-id=\"109c334\" data-element_type=\"widget\" data-widget_type=\"image.default\">\n\t\t\t\t<div class=\"elementor-widget-container\">\n\t\t\t\t\t\t\t\t\t\t\t\t\t\t\t<img decoding=\"async\" width=\"720\" height=\"654\" src=\"https:\/\/mycellsmart.com\/wp-content\/uploads\/2025\/08\/tienda2.jpg\" class=\"attachment-full size-full wp-image-1052\" alt=\"\" srcset=\"https:\/\/mycellsmart.com\/wp-content\/uploads\/2025\/08\/tienda2.jpg 720w, https:\/\/mycellsmart.com\/wp-content\/uploads\/2025\/08\/tienda2-300x273.jpg 300w, https:\/\/mycellsmart.com\/wp-content\/uploads\/2025\/08\/tienda2-80x73.jpg 80w, https:\/\/mycellsmart.com\/wp-content\/uploads\/2025\/08\/tienda2-360x327.jpg 360w, https:\/\/mycellsmart.com\/wp-content\/uploads\/2025\/08\/tienda2-373x339.jpg 373w, https:\/\/mycellsmart.com\/wp-content\/uploads\/2025\/08\/tienda2-620x563.jpg 620w, https:\/\/mycellsmart.com\/wp-content\/uploads\/2025\/08\/tienda2-460x418.jpg 460w, https:\/\/mycellsmart.com\/wp-content\/uploads\/2025\/08\/tienda2-365x332.jpg 365w\" sizes=\"(max-width: 720px) 100vw, 720px\" \/>\t\t\t\t\t\t\t\t\t\t\t\t\t\t\t<\/div>\n\t\t\t\t<\/div>\n\t\t\t\t\t<\/div>\n\t\t<\/div>\n\t\t\t\t\t<\/div>\n\t\t<\/section>\n\t\t\t\t<section class=\"elementor-section elementor-top-section elementor-element elementor-element-0487b32 elementor-section-boxed elementor-section-height-default elementor-section-height-default\" data-id=\"0487b32\" data-element_type=\"section\" data-settings=\"{&quot;background_background&quot;:&quot;classic&quot;}\">\n\t\t\t\t\t\t<div class=\"elementor-container elementor-column-gap-default\">\n\t\t\t\t\t<div class=\"elementor-column elementor-col-50 elementor-top-column elementor-element elementor-element-6ad54ca elementor-invisible\" data-id=\"6ad54ca\" data-element_type=\"column\" data-settings=\"{&quot;animation&quot;:&quot;fadeIn&quot;}\">\n\t\t\t<div class=\"elementor-widget-wrap elementor-element-populated\">\n\t\t\t\t\t\t<div class=\"elementor-element elementor-element-a234f99 elementor-widget elementor-widget-avas-icon-box\" data-id=\"a234f99\" data-element_type=\"widget\" data-widget_type=\"avas-icon-box.default\">\n\t\t\t\t<div class=\"elementor-widget-container\">\n\t\t\t\t\t\t\n\t\t<div class=\"tx-icon-box-wrap style-2 left\">\n\n\t\t\t<div class=\"tx-icon-box-icon\">\n\t\t\t\t\t\t\t\t\t\t<img decoding=\"async\" src=\"https:\/\/avas.live\/handyman\/wp-content\/uploads\/sites\/63\/2022\/05\/email.png\">\n\t\t\t\t\t\n\t\t\t\t\n\t\t\t<\/div><!-- tx-icon-box-icon -->\n\n\t\t\t<div class=\"tx-icon-box-content-wrap\">\n\n\t\t\t\t\t\t\t\t\t\t\t\t<h4 class=\"tx-icon-box-title\">\n\t\t\t\tSuscribete a nuestro Newsletter\t\t\t\t<\/h4>\n\t\t\t\t\t\t\t\t\n\t\t\t\t<div class=\"tx-icon-box-desc\"><p>y enterate de nuestras promociones y novedades, \u00a1te enviaremos notificaciones!<\/p><\/div>\n\t\t\t\t\t\t\t<\/div><!-- tx-icon-box-content-wrap -->\n\n\t\t<\/div><!-- tx-icon-box-wrap -->\n\n\t\t\t\t<\/div>\n\t\t\t\t<\/div>\n\t\t\t\t\t<\/div>\n\t\t<\/div>\n\t\t\t\t<div class=\"elementor-column elementor-col-50 elementor-top-column elementor-element elementor-element-493a4b0 elementor-invisible\" data-id=\"493a4b0\" data-element_type=\"column\" data-settings=\"{&quot;animation&quot;:&quot;fadeIn&quot;}\">\n\t\t\t<div class=\"elementor-widget-wrap elementor-element-populated\">\n\t\t\t\t\t\t<div class=\"elementor-element elementor-element-b0bf26b elementor-widget elementor-widget-avas-contact-form-7\" data-id=\"b0bf26b\" data-element_type=\"widget\" data-widget_type=\"avas-contact-form-7.default\">\n\t\t\t\t<div class=\"elementor-widget-container\">\n\t\t\t\t\t        \n                <div class=\"tx-contact-form-7\">\n\n           \n<div class=\"wpcf7 no-js\" id=\"wpcf7-f412-o1\" lang=\"en-US\" dir=\"ltr\" data-wpcf7-id=\"412\">\n<div class=\"screen-reader-response\"><p role=\"status\" aria-live=\"polite\" aria-atomic=\"true\"><\/p> <ul><\/ul><\/div>\n<form action=\"\/index.php\/wp-json\/wp\/v2\/pages\/628#wpcf7-f412-o1\" method=\"post\" class=\"wpcf7-form init\" aria-label=\"Contact form\" novalidate=\"novalidate\" data-status=\"init\">\n<fieldset class=\"hidden-fields-container\"><input type=\"hidden\" name=\"_wpcf7\" value=\"412\" \/><input type=\"hidden\" name=\"_wpcf7_version\" value=\"6.1\" \/><input type=\"hidden\" name=\"_wpcf7_locale\" value=\"en_US\" \/><input type=\"hidden\" name=\"_wpcf7_unit_tag\" value=\"wpcf7-f412-o1\" \/><input type=\"hidden\" name=\"_wpcf7_container_post\" value=\"0\" \/><input type=\"hidden\" name=\"_wpcf7_posted_data_hash\" value=\"\" \/>\n<\/fieldset>\n<div style=\"float:left;width:70%\">\n\t<p><span class=\"wpcf7-form-control-wrap\" data-name=\"your-email\"><input size=\"40\" maxlength=\"400\" class=\"wpcf7-form-control wpcf7-email wpcf7-validates-as-required wpcf7-text wpcf7-validates-as-email\" aria-required=\"true\" aria-invalid=\"false\" placeholder=\"Enter Your Email Address\" value=\"\" type=\"email\" name=\"your-email\" \/><\/span>\n\t<\/p>\n<\/div>\n<p><input class=\"wpcf7-form-control wpcf7-submit has-spinner\" type=\"submit\" value=\"SUBSCRIBE\" \/>\n<\/p><div class=\"wpcf7-response-output\" aria-hidden=\"true\"><\/div>\n<\/form>\n<\/div>\n       \n        <\/div><!-- tx-contact-form-7 -->\n        \n    \t\t\t\t<\/div>\n\t\t\t\t<\/div>\n\t\t\t\t\t<\/div>\n\t\t<\/div>\n\t\t\t\t\t<\/div>\n\t\t<\/section>\n\t\t\t\t<\/div>\n\t\t","protected":false},"excerpt":{"rendered":"<p class=\"tx-excerpt\">\u00a1Somos mas que una tienda! En My Cell Smart somos una tienda multiservicios ubicada en Santa Ana, California, dedicada a ofrecer soluciones r\u00e1pidas y pr\u00e1cticas para la comunidad. Nuestro objetivo es que encuentres","protected":false},"author":1,"featured_media":0,"parent":0,"menu_order":0,"comment_status":"closed","ping_status":"closed","template":"templates\/blank.php","meta":{"footnotes":""},"class_list":["post-628","page","type-page","status-publish","hentry"],"yoast_head":"<!-- This site is optimized with the Yoast SEO Premium plugin v21.7 (Yoast SEO v21.7) - https:\/\/yoast.com\/wordpress\/plugins\/seo\/ -->\n<title>nosotros - mycellsmart.com<\/title>\n<meta name=\"robots\" content=\"index, follow, max-snippet:-1, max-image-preview:large, max-video-preview:-1\" \/>\n<link rel=\"canonical\" href=\"https:\/\/mycellsmart.com\/index.php\/nosotros\/\" \/>\n<meta property=\"og:locale\" content=\"es_MX\" \/>\n<meta property=\"og:type\" content=\"article\" \/>\n<meta property=\"og:title\" content=\"nosotros\" \/>\n<meta property=\"og:description\" content=\"\u00a1Somos mas que una tienda! En My Cell Smart somos una tienda multiservicios ubicada en Santa Ana, California, dedicada a ofrecer soluciones r\u00e1pidas y pr\u00e1cticas para la comunidad. Nuestro objetivo es que encuentres todo lo que necesitas en un solo lugar, desde planes de telefon\u00eda, venta y reparaci\u00f3n de celulares, hasta instalaci\u00f3n de internet, pago [&hellip;]\" \/>\n<meta property=\"og:url\" content=\"https:\/\/mycellsmart.com\/index.php\/nosotros\/\" \/>\n<meta property=\"og:site_name\" content=\"mycellsmart.com\" \/>\n<meta property=\"article:modified_time\" content=\"2025-08-15T15:04:48+00:00\" \/>\n<meta property=\"og:image\" content=\"https:\/\/mycellsmart.com\/wp-content\/uploads\/2025\/08\/mycellsmart-1.jpg\" \/>\n<meta name=\"twitter:card\" content=\"summary_large_image\" \/>\n<meta name=\"twitter:label1\" content=\"Tiempo de lectura\" \/>\n\t<meta name=\"twitter:data1\" content=\"3 minutos\" \/>\n<script type=\"application\/ld+json\" class=\"yoast-schema-graph\">{\"@context\":\"https:\/\/schema.org\",\"@graph\":[{\"@type\":\"WebPage\",\"@id\":\"https:\/\/mycellsmart.com\/index.php\/nosotros\/\",\"url\":\"https:\/\/mycellsmart.com\/index.php\/nosotros\/\",\"name\":\"nosotros - mycellsmart.com\",\"isPartOf\":{\"@id\":\"https:\/\/mycellsmart.com\/#website\"},\"datePublished\":\"2022-04-20T05:03:34+00:00\",\"dateModified\":\"2025-08-15T15:04:48+00:00\",\"breadcrumb\":{\"@id\":\"https:\/\/mycellsmart.com\/index.php\/nosotros\/#breadcrumb\"},\"inLanguage\":\"es\",\"potentialAction\":[{\"@type\":\"ReadAction\",\"target\":[\"https:\/\/mycellsmart.com\/index.php\/nosotros\/\"]}]},{\"@type\":\"BreadcrumbList\",\"@id\":\"https:\/\/mycellsmart.com\/index.php\/nosotros\/#breadcrumb\",\"itemListElement\":[{\"@type\":\"ListItem\",\"position\":1,\"name\":\"Inicio\",\"item\":\"https:\/\/mycellsmart.com\/\"},{\"@type\":\"ListItem\",\"position\":2,\"name\":\"nosotros\"}]},{\"@type\":\"WebSite\",\"@id\":\"https:\/\/mycellsmart.com\/#website\",\"url\":\"https:\/\/mycellsmart.com\/\",\"name\":\"mycellsmart.com\",\"description\":\"\",\"potentialAction\":[{\"@type\":\"SearchAction\",\"target\":{\"@type\":\"EntryPoint\",\"urlTemplate\":\"https:\/\/mycellsmart.com\/?s={search_term_string}\"},\"query-input\":\"required name=search_term_string\"}],\"inLanguage\":\"es\"}]}<\/script>\n<!-- \/ Yoast SEO Premium plugin. -->","yoast_head_json":{"title":"nosotros - mycellsmart.com","robots":{"index":"index","follow":"follow","max-snippet":"max-snippet:-1","max-image-preview":"max-image-preview:large","max-video-preview":"max-video-preview:-1"},"canonical":"https:\/\/mycellsmart.com\/index.php\/nosotros\/","og_locale":"es_MX","og_type":"article","og_title":"nosotros","og_description":"\u00a1Somos mas que una tienda! En My Cell Smart somos una tienda multiservicios ubicada en Santa Ana, California, dedicada a ofrecer soluciones r\u00e1pidas y pr\u00e1cticas para la comunidad. Nuestro objetivo es que encuentres todo lo que necesitas en un solo lugar, desde planes de telefon\u00eda, venta y reparaci\u00f3n de celulares, hasta instalaci\u00f3n de internet, pago [&hellip;]","og_url":"https:\/\/mycellsmart.com\/index.php\/nosotros\/","og_site_name":"mycellsmart.com","article_modified_time":"2025-08-15T15:04:48+00:00","og_image":[{"url":"https:\/\/mycellsmart.com\/wp-content\/uploads\/2025\/08\/mycellsmart-1.jpg"}],"twitter_card":"summary_large_image","twitter_misc":{"Tiempo de lectura":"3 minutos"},"schema":{"@context":"https:\/\/schema.org","@graph":[{"@type":"WebPage","@id":"https:\/\/mycellsmart.com\/index.php\/nosotros\/","url":"https:\/\/mycellsmart.com\/index.php\/nosotros\/","name":"nosotros - mycellsmart.com","isPartOf":{"@id":"https:\/\/mycellsmart.com\/#website"},"datePublished":"2022-04-20T05:03:34+00:00","dateModified":"2025-08-15T15:04:48+00:00","breadcrumb":{"@id":"https:\/\/mycellsmart.com\/index.php\/nosotros\/#breadcrumb"},"inLanguage":"es","potentialAction":[{"@type":"ReadAction","target":["https:\/\/mycellsmart.com\/index.php\/nosotros\/"]}]},{"@type":"BreadcrumbList","@id":"https:\/\/mycellsmart.com\/index.php\/nosotros\/#breadcrumb","itemListElement":[{"@type":"ListItem","position":1,"name":"Inicio","item":"https:\/\/mycellsmart.com\/"},{"@type":"ListItem","position":2,"name":"nosotros"}]},{"@type":"WebSite","@id":"https:\/\/mycellsmart.com\/#website","url":"https:\/\/mycellsmart.com\/","name":"mycellsmart.com","description":"","potentialAction":[{"@type":"SearchAction","target":{"@type":"EntryPoint","urlTemplate":"https:\/\/mycellsmart.com\/?s={search_term_string}"},"query-input":"required name=search_term_string"}],"inLanguage":"es"}]}},"_links":{"self":[{"href":"https:\/\/mycellsmart.com\/index.php\/wp-json\/wp\/v2\/pages\/628","targetHints":{"allow":["GET"]}}],"collection":[{"href":"https:\/\/mycellsmart.com\/index.php\/wp-json\/wp\/v2\/pages"}],"about":[{"href":"https:\/\/mycellsmart.com\/index.php\/wp-json\/wp\/v2\/types\/page"}],"author":[{"embeddable":true,"href":"https:\/\/mycellsmart.com\/index.php\/wp-json\/wp\/v2\/users\/1"}],"replies":[{"embeddable":true,"href":"https:\/\/mycellsmart.com\/index.php\/wp-json\/wp\/v2\/comments?post=628"}],"version-history":[{"count":29,"href":"https:\/\/mycellsmart.com\/index.php\/wp-json\/wp\/v2\/pages\/628\/revisions"}],"predecessor-version":[{"id":1057,"href":"https:\/\/mycellsmart.com\/index.php\/wp-json\/wp\/v2\/pages\/628\/revisions\/1057"}],"wp:attachment":[{"href":"https:\/\/mycellsmart.com\/index.php\/wp-json\/wp\/v2\/media?parent=628"}],"curies":[{"name":"wp","href":"https:\/\/api.w.org\/{rel}","templated":true}]}}